{"id":401,"date":"2023-06-20T10:21:38","date_gmt":"2023-06-20T10:21:38","guid":{"rendered":"https:\/\/www.gasistel.com\/?page_id=401"},"modified":"2023-06-20T10:21:38","modified_gmt":"2023-06-20T10:21:38","slug":"accesibilidad","status":"publish","type":"page","link":"https:\/\/www.gasistel.com\/en\/accesibilidad\/","title":{"rendered":"Accesibilidad"},"content":{"rendered":"<p>[et_pb_section fb_built=&#8221;1&#8243; _builder_version=&#8221;4.19.5&#8243; _module_preset=&#8221;default&#8221; custom_padding=&#8221;||162px|||&#8221; global_colors_info=&#8221;{}&#8221;][et_pb_row _builder_version=&#8221;4.19.5&#8243; _module_preset=&#8221;default&#8221; global_colors_info=&#8221;{}&#8221;][et_pb_column type=&#8221;4_4&#8243; _builder_version=&#8221;4.19.5&#8243; _module_preset=&#8221;default&#8221; global_colors_info=&#8221;{}&#8221;][et_pb_text _builder_version=&#8221;4.21.0&#8243; _module_preset=&#8221;721e83af-0a8a-4d9f-ae2b-3357c06af152&#8243; text_font=&#8221;|800|||||||&#8221; text_font_size=&#8221;39px&#8221; hover_enabled=&#8221;0&#8243; text_font_size_tablet=&#8221;39px&#8221; text_font_size_phone=&#8221;39px&#8221; text_font_size_last_edited=&#8221;on|desktop&#8221; global_colors_info=&#8221;{}&#8221; text_text_color=&#8221;#E02B20&#8243; sticky_enabled=&#8221;0&#8243;]<\/p>\n<p>ACCESIBILIDAD<\/p>\n<p>[\/et_pb_text][et_pb_text _builder_version=&#8221;4.21.0&#8243; _module_preset=&#8221;721e83af-0a8a-4d9f-ae2b-3357c06af152&#8243; text_font=&#8221;|600|||||||&#8221; text_font_size=&#8221;18px&#8221; hover_enabled=&#8221;0&#8243; text_font_size_tablet=&#8221;18px&#8221; text_font_size_phone=&#8221;18px&#8221; text_font_size_last_edited=&#8221;on|desktop&#8221; global_colors_info=&#8221;{}&#8221; sticky_enabled=&#8221;0&#8243;]<\/p>\n<p>Despu\u00e9s de llevar a cabo un an\u00e1lisis exhaustivo de la web <a href=\"http:\/\/www.3diguanavap.com\">www.gasistel.com<\/a> se ha comprobado que cumple con las normativas de accesibilidad establecidas por el World Wide Web Consortium (W3C) en el nivel WCAG 2.1 AA. Esto significa que la p\u00e1gina web ha sido dise\u00f1ada y desarrollada de manera tal que permite a las personas con discapacidad tener un acceso igualitario y sin obst\u00e1culos a su contenido y funcionalidad.<\/p>\n<p>Se han evaluado todos los criterios de accesibilidad esenciales, incluyendo pero no limitados a: el contenido en texto alternativo para im\u00e1genes, la navegaci\u00f3n con teclado, la estructura y organizaci\u00f3n del contenido, la comprensi\u00f3n de la p\u00e1gina, la compatibilidad con tecnolog\u00edas de asistencia, y la compatibilidad con diferentes tipos de discapacidad, entre otros.<\/p>\n<p>Es importante destacar que el cumplimiento con las normativas de accesibilidad no solo mejora la experiencia de los usuarios con discapacidad, sino que tambi\u00e9n contribuye a mejorar la accesibilidad y usabilidad de la p\u00e1gina para todos los usuarios.<\/p>\n<p>En resumen, se puede afirmar con seguridad que la p\u00e1gina web en cuesti\u00f3n cumple con los est\u00e1ndares de accesibilidad de WCAG 2.1 AA y est\u00e1 en l\u00ednea con las mejores pr\u00e1cticas en materia de accesibilidad\u00a0web.<\/p>\n<p>[\/et_pb_text][\/et_pb_column][\/et_pb_row][\/et_pb_section]<\/p>","protected":false},"excerpt":{"rendered":"<p>ACCESIBILIDADDespu\u00e9s de llevar a cabo un an\u00e1lisis exhaustivo de la web www.gasistel.com se ha comprobado que cumple con las normativas de accesibilidad establecidas por el World Wide Web Consortium (W3C) en el nivel WCAG 2.1 AA. Esto significa que la p\u00e1gina web ha sido dise\u00f1ada y desarrollada de manera tal que permite a las personas [&hellip;]<\/p>","protected":false},"author":1,"featured_media":0,"parent":0,"menu_order":0,"comment_status":"closed","ping_status":"closed","template":"","meta":{"_et_pb_use_builder":"on","_et_pb_old_content":"","_et_gb_content_width":"","footnotes":""},"class_list":["post-401","page","type-page","status-publish","hentry"],"yoast_head":"<!-- This site is optimized with the Yoast SEO plugin v27.5 - https:\/\/yoast.com\/product\/yoast-seo-wordpress\/ -->\n<title>Accesibilidad - GASISTEL<\/title>\n<meta name=\"robots\" content=\"index, follow, max-snippet:-1, max-image-preview:large, max-video-preview:-1\" \/>\n<link rel=\"canonical\" href=\"https:\/\/www.gasistel.com\/en\/accesibilidad\/\" \/>\n<meta property=\"og:locale\" content=\"en_GB\" \/>\n<meta property=\"og:type\" content=\"article\" \/>\n<meta property=\"og:title\" content=\"Accesibilidad - GASISTEL\" \/>\n<meta property=\"og:description\" content=\"ACCESIBILIDADDespu\u00e9s de llevar a cabo un an\u00e1lisis exhaustivo de la web www.gasistel.com se ha comprobado que cumple con las normativas de accesibilidad establecidas por el World Wide Web Consortium (W3C) en el nivel WCAG 2.1 AA. Esto significa que la p\u00e1gina web ha sido dise\u00f1ada y desarrollada de manera tal que permite a las personas [&hellip;]\" \/>\n<meta property=\"og:url\" content=\"https:\/\/www.gasistel.com\/en\/accesibilidad\/\" \/>\n<meta property=\"og:site_name\" content=\"GASISTEL\" \/>\n<meta name=\"twitter:card\" content=\"summary_large_image\" \/>\n<meta name=\"twitter:label1\" content=\"Estimated reading time\" \/>\n\t<meta name=\"twitter:data1\" content=\"2 minutes\" \/>\n<script type=\"application\/ld+json\" class=\"yoast-schema-graph\">{\"@context\":\"https:\\\/\\\/schema.org\",\"@graph\":[{\"@type\":\"WebPage\",\"@id\":\"https:\\\/\\\/www.gasistel.com\\\/accesibilidad\\\/\",\"url\":\"https:\\\/\\\/www.gasistel.com\\\/accesibilidad\\\/\",\"name\":\"Accesibilidad - GASISTEL\",\"isPartOf\":{\"@id\":\"https:\\\/\\\/www.gasistel.com\\\/#website\"},\"datePublished\":\"2023-06-20T10:21:38+00:00\",\"breadcrumb\":{\"@id\":\"https:\\\/\\\/www.gasistel.com\\\/accesibilidad\\\/#breadcrumb\"},\"inLanguage\":\"en-GB\",\"potentialAction\":[{\"@type\":\"ReadAction\",\"target\":[\"https:\\\/\\\/www.gasistel.com\\\/accesibilidad\\\/\"]}]},{\"@type\":\"BreadcrumbList\",\"@id\":\"https:\\\/\\\/www.gasistel.com\\\/accesibilidad\\\/#breadcrumb\",\"itemListElement\":[{\"@type\":\"ListItem\",\"position\":1,\"name\":\"Portada\",\"item\":\"https:\\\/\\\/www.gasistel.com\\\/\"},{\"@type\":\"ListItem\",\"position\":2,\"name\":\"Accesibilidad\"}]},{\"@type\":\"WebSite\",\"@id\":\"https:\\\/\\\/www.gasistel.com\\\/#website\",\"url\":\"https:\\\/\\\/www.gasistel.com\\\/\",\"name\":\"GASISTEL\",\"description\":\"Consulta Integral\",\"potentialAction\":[{\"@type\":\"SearchAction\",\"target\":{\"@type\":\"EntryPoint\",\"urlTemplate\":\"https:\\\/\\\/www.gasistel.com\\\/?s={search_term_string}\"},\"query-input\":{\"@type\":\"PropertyValueSpecification\",\"valueRequired\":true,\"valueName\":\"search_term_string\"}}],\"inLanguage\":\"en-GB\"}]}<\/script>\n<!-- \/ Yoast SEO plugin. -->","yoast_head_json":{"title":"Accesibilidad - GASISTEL","robots":{"index":"index","follow":"follow","max-snippet":"max-snippet:-1","max-image-preview":"max-image-preview:large","max-video-preview":"max-video-preview:-1"},"canonical":"https:\/\/www.gasistel.com\/en\/accesibilidad\/","og_locale":"en_GB","og_type":"article","og_title":"Accesibilidad - GASISTEL","og_description":"ACCESIBILIDADDespu\u00e9s de llevar a cabo un an\u00e1lisis exhaustivo de la web www.gasistel.com se ha comprobado que cumple con las normativas de accesibilidad establecidas por el World Wide Web Consortium (W3C) en el nivel WCAG 2.1 AA. Esto significa que la p\u00e1gina web ha sido dise\u00f1ada y desarrollada de manera tal que permite a las personas [&hellip;]","og_url":"https:\/\/www.gasistel.com\/en\/accesibilidad\/","og_site_name":"GASISTEL","twitter_card":"summary_large_image","twitter_misc":{"Estimated reading time":"2 minutes"},"schema":{"@context":"https:\/\/schema.org","@graph":[{"@type":"WebPage","@id":"https:\/\/www.gasistel.com\/accesibilidad\/","url":"https:\/\/www.gasistel.com\/accesibilidad\/","name":"Accesibilidad - GASISTEL","isPartOf":{"@id":"https:\/\/www.gasistel.com\/#website"},"datePublished":"2023-06-20T10:21:38+00:00","breadcrumb":{"@id":"https:\/\/www.gasistel.com\/accesibilidad\/#breadcrumb"},"inLanguage":"en-GB","potentialAction":[{"@type":"ReadAction","target":["https:\/\/www.gasistel.com\/accesibilidad\/"]}]},{"@type":"BreadcrumbList","@id":"https:\/\/www.gasistel.com\/accesibilidad\/#breadcrumb","itemListElement":[{"@type":"ListItem","position":1,"name":"Portada","item":"https:\/\/www.gasistel.com\/"},{"@type":"ListItem","position":2,"name":"Accesibilidad"}]},{"@type":"WebSite","@id":"https:\/\/www.gasistel.com\/#website","url":"https:\/\/www.gasistel.com\/","name":"GASISTEL","description":"Consulta Integral","potentialAction":[{"@type":"SearchAction","target":{"@type":"EntryPoint","urlTemplate":"https:\/\/www.gasistel.com\/?s={search_term_string}"},"query-input":{"@type":"PropertyValueSpecification","valueRequired":true,"valueName":"search_term_string"}}],"inLanguage":"en-GB"}]}},"_links":{"self":[{"href":"https:\/\/www.gasistel.com\/en\/wp-json\/wp\/v2\/pages\/401","targetHints":{"allow":["GET"]}}],"collection":[{"href":"https:\/\/www.gasistel.com\/en\/wp-json\/wp\/v2\/pages"}],"about":[{"href":"https:\/\/www.gasistel.com\/en\/wp-json\/wp\/v2\/types\/page"}],"author":[{"embeddable":true,"href":"https:\/\/www.gasistel.com\/en\/wp-json\/wp\/v2\/users\/1"}],"replies":[{"embeddable":true,"href":"https:\/\/www.gasistel.com\/en\/wp-json\/wp\/v2\/comments?post=401"}],"version-history":[{"count":2,"href":"https:\/\/www.gasistel.com\/en\/wp-json\/wp\/v2\/pages\/401\/revisions"}],"predecessor-version":[{"id":403,"href":"https:\/\/www.gasistel.com\/en\/wp-json\/wp\/v2\/pages\/401\/revisions\/403"}],"wp:attachment":[{"href":"https:\/\/www.gasistel.com\/en\/wp-json\/wp\/v2\/media?parent=401"}],"curies":[{"name":"wp","href":"https:\/\/api.w.org\/{rel}","templated":true}]}}