{"id":348,"date":"2023-05-21T14:17:49","date_gmt":"2023-05-21T14:17:49","guid":{"rendered":"https:\/\/www.gasistel.com\/?page_id=348"},"modified":"2023-05-21T14:20:21","modified_gmt":"2023-05-21T14:20:21","slug":"gestion-de-crisis","status":"publish","type":"page","link":"https:\/\/www.gasistel.com\/en\/gestion-de-crisis\/","title":{"rendered":"Gesti\u00f3n de Cr\u00edsis"},"content":{"rendered":"<p>[et_pb_section fb_built=&#8221;1&#8243; padding_bottom_1=&#8221;0px&#8221; padding_top_bottom_link_1=&#8221;false&#8221; padding_left_right_link_1=&#8221;false&#8221; admin_label=&#8221;About&#8221; _builder_version=&#8221;4.21.0&#8243; _module_preset=&#8221;default&#8221; background_color=&#8221;#efefef&#8221; custom_padding=&#8221;||0px|||&#8221; global_colors_info=&#8221;{}&#8221;][et_pb_row column_structure=&#8221;1_2,1_2&#8243; _builder_version=&#8221;4.21.0&#8243; _module_preset=&#8221;default&#8221; max_width=&#8221;1273px&#8221; max_width_tablet=&#8221;1273px&#8221; max_width_phone=&#8221;1273px&#8221; max_width_last_edited=&#8221;on|desktop&#8221; custom_padding=&#8221;||0px|||&#8221; global_colors_info=&#8221;{}&#8221;][et_pb_column type=&#8221;1_2&#8243; _builder_version=&#8221;4.16&#8243; _module_preset=&#8221;default&#8221; global_colors_info=&#8221;{}&#8221;][et_pb_image src=&#8221;https:\/\/www.gasistel.com\/wp-content\/uploads\/2023\/05\/grupo-personas-trabajando-plan-negocios-oficina-1-scaled.jpg&#8221; title_text=&#8221;Group of people working out business plan in an office&#8221; force_fullwidth=&#8221;on&#8221; _builder_version=&#8221;4.21.0&#8243; _module_preset=&#8221;default&#8221; locked=&#8221;off&#8221; global_colors_info=&#8221;{}&#8221;][\/et_pb_image][et_pb_text _builder_version=&#8221;4.21.0&#8243; _module_preset=&#8221;34fe6be3-e88a-4c60-b1b9-adea7439957e&#8221; header_2_font=&#8221;Poppins|600|||||||&#8221; header_2_text_color=&#8221;#FFFFFF&#8221; header_2_font_size=&#8221;29px&#8221; header_2_letter_spacing=&#8221;-0.02em&#8221; header_2_line_height=&#8221;1.1em&#8221; background_color=&#8221;#E02B20&#8243; background_layout=&#8221;dark&#8221; custom_margin=&#8221;||10px||false|false&#8221; custom_padding=&#8221;12px|8px|5px|8px|false|true&#8221; custom_padding_tablet=&#8221;12px|8px|5px|8px|false|true&#8221; custom_padding_phone=&#8221;12px|8px|5px|8px|false|true&#8221; custom_padding_last_edited=&#8221;on|desktop&#8221; header_2_font_size_tablet=&#8221;32px&#8221; header_2_font_size_phone=&#8221;20px&#8221; header_2_font_size_last_edited=&#8221;on|phone&#8221; locked=&#8221;off&#8221; global_colors_info=&#8221;{}&#8221;]<\/p>\n<h2><span class=\"diyfeDecoration\">Nuestros Servicios<\/span><\/h2>\n<p>[\/et_pb_text][et_pb_blurb title=&#8221;Determinaci\u00f3n de la posici\u00f3n de partida y de la necesidad de actuaci\u00f3n&#8221; use_icon=&#8221;on&#8221; font_icon=&#8221;&#xf058;||fa||900&#8243; icon_color=&#8221;#000000&#8243; icon_placement=&#8221;left&#8221; _builder_version=&#8221;4.21.0&#8243; _module_preset=&#8221;default&#8221; header_font=&#8221;Poppins||||||||&#8221; header_font_size=&#8221;23px&#8221; header_line_height=&#8221;1.6em&#8221; custom_margin=&#8221;32px||-26px||false|false&#8221; hover_enabled=&#8221;0&#8243; global_colors_info=&#8221;{}&#8221; sticky_enabled=&#8221;0&#8243;][\/et_pb_blurb][et_pb_blurb title=&#8221;An\u00e1lisis de los canales relevantes para el proceso y posibles factores de riesgo&#8221; use_icon=&#8221;on&#8221; font_icon=&#8221;&#xf058;||fa||900&#8243; icon_color=&#8221;#000000&#8243; icon_placement=&#8221;left&#8221; _builder_version=&#8221;4.21.0&#8243; _module_preset=&#8221;default&#8221; header_font=&#8221;Poppins||||||||&#8221; header_font_size=&#8221;23px&#8221; header_line_height=&#8221;1.6em&#8221; custom_margin=&#8221;32px||-26px||false|false&#8221; hover_enabled=&#8221;0&#8243; global_colors_info=&#8221;{}&#8221; sticky_enabled=&#8221;0&#8243;][\/et_pb_blurb][et_pb_blurb title=&#8221;Elaboraci\u00f3n y desarrollo de un concepto de saneamiento con medidas ad hoc&#8221; use_icon=&#8221;on&#8221; font_icon=&#8221;&#xf058;||fa||900&#8243; icon_color=&#8221;#000000&#8243; icon_placement=&#8221;left&#8221; _builder_version=&#8221;4.21.0&#8243; _module_preset=&#8221;default&#8221; header_font=&#8221;Poppins||||||||&#8221; header_font_size=&#8221;23px&#8221; header_line_height=&#8221;1.6em&#8221; custom_margin=&#8221;32px||-26px||false|false&#8221; hover_enabled=&#8221;0&#8243; global_colors_info=&#8221;{}&#8221; sticky_enabled=&#8221;0&#8243;][\/et_pb_blurb][et_pb_blurb title=&#8221;Apoyo en el despliegue del proceso de saneamiento y consolidaci\u00f3n&#8221; use_icon=&#8221;on&#8221; font_icon=&#8221;&#xf058;||fa||900&#8243; icon_color=&#8221;#000000&#8243; icon_placement=&#8221;left&#8221; _builder_version=&#8221;4.21.0&#8243; _module_preset=&#8221;default&#8221; header_font=&#8221;Poppins||||||||&#8221; header_font_size=&#8221;23px&#8221; header_line_height=&#8221;1.6em&#8221; custom_margin=&#8221;32px||5px||false|false&#8221; global_colors_info=&#8221;{}&#8221;][\/et_pb_blurb][\/et_pb_column][et_pb_column type=&#8221;1_2&#8243; _builder_version=&#8221;4.16&#8243; _module_preset=&#8221;default&#8221; custom_padding=&#8221;||30px||false|false&#8221; global_colors_info=&#8221;{}&#8221;][et_pb_text _builder_version=&#8221;4.21.0&#8243; _module_preset=&#8221;34fe6be3-e88a-4c60-b1b9-adea7439957e&#8221; header_2_font=&#8221;Poppins|700|||||||&#8221; header_2_text_color=&#8221;#FFFFFF&#8221; header_2_font_size=&#8221;51px&#8221; header_2_letter_spacing=&#8221;-0.02em&#8221; header_2_line_height=&#8221;1.1em&#8221; background_color=&#8221;#E02B20&#8243; background_layout=&#8221;dark&#8221; custom_margin=&#8221;||10px||false|false&#8221; custom_padding=&#8221;5px|8px|5px|8px|true|true&#8221; custom_padding_tablet=&#8221;5px|8px|5px|8px|true|true&#8221; custom_padding_phone=&#8221;5px|8px|5px|8px|true|true&#8221; custom_padding_last_edited=&#8221;on|desktop&#8221; header_2_font_size_tablet=&#8221;32px&#8221; header_2_font_size_phone=&#8221;20px&#8221; header_2_font_size_last_edited=&#8221;on|phone&#8221; locked=&#8221;off&#8221; global_colors_info=&#8221;{}&#8221;]<\/p>\n<h2><span class=\"diyfeDecoration\">Gesti\u00f3n de Cr\u00edsis<\/span><\/h2>\n<p>[\/et_pb_text][et_pb_text _builder_version=&#8221;4.21.0&#8243; _module_preset=&#8221;1d866de3-b108-4c5f-bed3-2da9506a6915&#8243; header_font=&#8221;||||||||&#8221; header_4_font=&#8221;Urbanist|700|||||||&#8221; header_4_text_color=&#8221;#000000&#8243; header_4_font_size=&#8221;24px&#8221; header_4_line_height=&#8221;1.5em&#8221; custom_margin=&#8221;||0px||false|false&#8221; header_4_font_size_tablet=&#8221;20px&#8221; header_4_font_size_phone=&#8221;16px&#8221; header_4_font_size_last_edited=&#8221;on|desktop&#8221; locked=&#8221;off&#8221; global_colors_info=&#8221;{}&#8221;]<\/p>\n<h4><span>Ninguna empresa goza de una seguridad absoluta frente a las crisis. En tiempos de crisis hay que emprender una actuaci\u00f3n r\u00e1pida y segura. Localizar, estructurar y evaluar adecuada e inmediatamente los problemas es una de las tareas centrales de la gesti\u00f3n de crisis. La pr\u00e1ctica nos ha mostrado, en muchos casos, que una gesti\u00f3n de crisis con experiencia y competencia probadas puede resolver incluso las situaciones m\u00e1s cr\u00edticas. Nuestra dilatada experiencia en todos los campos de la gesti\u00f3n de crisis nos ha permitido, en los \u00faltimos a\u00f1os, enderezar la situaci\u00f3n de numerosas empresas.<\/span><\/h4>\n<p>[\/et_pb_text][\/et_pb_column][\/et_pb_row][\/et_pb_section][et_pb_section fb_built=&#8221;1&#8243; specialty=&#8221;on&#8221; padding_top_2=&#8221;0px&#8221; padding_top_bottom_link_2=&#8221;false&#8221; padding_left_right_link_2=&#8221;false&#8221; admin_label=&#8221;Features&#8221; _builder_version=&#8221;4.16&#8243; _module_preset=&#8221;default&#8221; background_color=&#8221;#E9ECEB&#8221; global_colors_info=&#8221;{}&#8221;][et_pb_column type=&#8221;2_3&#8243; specialty_columns=&#8221;2&#8243; _builder_version=&#8221;4.16&#8243; custom_padding=&#8221;|||&#8221; global_colors_info=&#8221;{}&#8221; custom_padding__hover=&#8221;|||&#8221;][et_pb_row_inner _builder_version=&#8221;4.21.0&#8243; _module_preset=&#8221;default&#8221; global_colors_info=&#8221;{}&#8221;][et_pb_column_inner saved_specialty_column_type=&#8221;2_3&#8243; _builder_version=&#8221;4.21.0&#8243; _module_preset=&#8221;default&#8221; global_colors_info=&#8221;{}&#8221;][et_pb_image src=&#8221;https:\/\/www.gasistel.com\/wp-content\/uploads\/2023\/05\/298967763_439381474876358_8814295337477988349_n-1.jpg&#8221; title_text=&#8221;Gasistel&#8221; _builder_version=&#8221;4.21.0&#8243; _module_preset=&#8221;default&#8221; global_colors_info=&#8221;{}&#8221;][\/et_pb_image][\/et_pb_column_inner][\/et_pb_row_inner][\/et_pb_column][et_pb_column type=&#8221;1_3&#8243; _builder_version=&#8221;4.16&#8243; custom_padding=&#8221;|||&#8221; global_colors_info=&#8221;{}&#8221; custom_padding__hover=&#8221;|||&#8221;][et_pb_text _builder_version=&#8221;4.21.0&#8243; _module_preset=&#8221;1b046195-0a9f-4962-9ec3-effa28d9d0ff&#8221; header_5_font=&#8221;Urbanist|700|||||||&#8221; header_5_font_size=&#8221;20px&#8221; header_5_line_height=&#8221;1.2em&#8221; custom_margin=&#8221;||5px||false|false&#8221; header_5_font_size_tablet=&#8221;20px&#8221; header_5_font_size_phone=&#8221;16px&#8221; header_5_font_size_last_edited=&#8221;on|desktop&#8221; locked=&#8221;off&#8221; global_colors_info=&#8221;{}&#8221;]<\/p>\n<h5>PERSONA DE CONTACTO<\/h5>\n<p>[\/et_pb_text][et_pb_text _builder_version=&#8221;4.21.0&#8243; _module_preset=&#8221;0d1dcb4c-f28c-4a41-972c-ecb508cfdc14&#8243; text_line_height=&#8221;1.8em&#8221; header_font_size_tablet=&#8221;55px&#8221; header_font_size_last_edited=&#8221;off|desktop&#8221; locked=&#8221;off&#8221; global_colors_info=&#8221;{}&#8221;]<\/p>\n<p><strong><span style=\"color: #0a0101;\">Luis S\u00e1ez Sanz<br \/><\/span><span style=\"color: #0a0101;\">Andr\u00e9s S\u00e1ez Sanz<\/span><span style=\"color: #0a0101;\"><br \/><\/span><\/strong><\/p>\n<p>[\/et_pb_text][\/et_pb_column][\/et_pb_section]<\/p>","protected":false},"excerpt":{"rendered":"<p>Nuestros ServiciosGesti\u00f3n de Cr\u00edsisNinguna empresa goza de una seguridad absoluta frente a las crisis. En tiempos de crisis hay que emprender una actuaci\u00f3n r\u00e1pida y segura. Localizar, estructurar y evaluar adecuada e inmediatamente los problemas es una de las tareas centrales de la gesti\u00f3n de crisis. La pr\u00e1ctica nos ha mostrado, en muchos casos, que [&hellip;]<\/p>","protected":false},"author":1,"featured_media":0,"parent":0,"menu_order":0,"comment_status":"closed","ping_status":"closed","template":"","meta":{"_et_pb_use_builder":"on","_et_pb_old_content":"","_et_gb_content_width":"","footnotes":""},"class_list":["post-348","page","type-page","status-publish","hentry"],"yoast_head":"<!-- This site is optimized with the Yoast SEO plugin v27.5 - https:\/\/yoast.com\/product\/yoast-seo-wordpress\/ -->\n<title>Gesti\u00f3n de Cr\u00edsis - GASISTEL<\/title>\n<meta name=\"robots\" content=\"index, follow, max-snippet:-1, max-image-preview:large, max-video-preview:-1\" \/>\n<link rel=\"canonical\" href=\"https:\/\/www.gasistel.com\/en\/gestion-de-crisis\/\" \/>\n<meta property=\"og:locale\" content=\"en_GB\" \/>\n<meta property=\"og:type\" content=\"article\" \/>\n<meta property=\"og:title\" content=\"Gesti\u00f3n de Cr\u00edsis - GASISTEL\" \/>\n<meta property=\"og:description\" content=\"Nuestros ServiciosGesti\u00f3n de Cr\u00edsisNinguna empresa goza de una seguridad absoluta frente a las crisis. En tiempos de crisis hay que emprender una actuaci\u00f3n r\u00e1pida y segura. Localizar, estructurar y evaluar adecuada e inmediatamente los problemas es una de las tareas centrales de la gesti\u00f3n de crisis. La pr\u00e1ctica nos ha mostrado, en muchos casos, que [&hellip;]\" \/>\n<meta property=\"og:url\" content=\"https:\/\/www.gasistel.com\/en\/gestion-de-crisis\/\" \/>\n<meta property=\"og:site_name\" content=\"GASISTEL\" \/>\n<meta property=\"article:modified_time\" content=\"2023-05-21T14:20:21+00:00\" \/>\n<meta name=\"twitter:card\" content=\"summary_large_image\" \/>\n<meta name=\"twitter:label1\" content=\"Estimated reading time\" \/>\n\t<meta name=\"twitter:data1\" content=\"5 minutes\" \/>\n<script type=\"application\/ld+json\" class=\"yoast-schema-graph\">{\"@context\":\"https:\\\/\\\/schema.org\",\"@graph\":[{\"@type\":\"WebPage\",\"@id\":\"https:\\\/\\\/www.gasistel.com\\\/gestion-de-crisis\\\/\",\"url\":\"https:\\\/\\\/www.gasistel.com\\\/gestion-de-crisis\\\/\",\"name\":\"Gesti\u00f3n de Cr\u00edsis - GASISTEL\",\"isPartOf\":{\"@id\":\"https:\\\/\\\/www.gasistel.com\\\/#website\"},\"datePublished\":\"2023-05-21T14:17:49+00:00\",\"dateModified\":\"2023-05-21T14:20:21+00:00\",\"breadcrumb\":{\"@id\":\"https:\\\/\\\/www.gasistel.com\\\/gestion-de-crisis\\\/#breadcrumb\"},\"inLanguage\":\"en-GB\",\"potentialAction\":[{\"@type\":\"ReadAction\",\"target\":[\"https:\\\/\\\/www.gasistel.com\\\/gestion-de-crisis\\\/\"]}]},{\"@type\":\"BreadcrumbList\",\"@id\":\"https:\\\/\\\/www.gasistel.com\\\/gestion-de-crisis\\\/#breadcrumb\",\"itemListElement\":[{\"@type\":\"ListItem\",\"position\":1,\"name\":\"Portada\",\"item\":\"https:\\\/\\\/www.gasistel.com\\\/\"},{\"@type\":\"ListItem\",\"position\":2,\"name\":\"Gesti\u00f3n de Cr\u00edsis\"}]},{\"@type\":\"WebSite\",\"@id\":\"https:\\\/\\\/www.gasistel.com\\\/#website\",\"url\":\"https:\\\/\\\/www.gasistel.com\\\/\",\"name\":\"GASISTEL\",\"description\":\"Consulta Integral\",\"potentialAction\":[{\"@type\":\"SearchAction\",\"target\":{\"@type\":\"EntryPoint\",\"urlTemplate\":\"https:\\\/\\\/www.gasistel.com\\\/?s={search_term_string}\"},\"query-input\":{\"@type\":\"PropertyValueSpecification\",\"valueRequired\":true,\"valueName\":\"search_term_string\"}}],\"inLanguage\":\"en-GB\"}]}<\/script>\n<!-- \/ Yoast SEO plugin. -->","yoast_head_json":{"title":"Gesti\u00f3n de Cr\u00edsis - GASISTEL","robots":{"index":"index","follow":"follow","max-snippet":"max-snippet:-1","max-image-preview":"max-image-preview:large","max-video-preview":"max-video-preview:-1"},"canonical":"https:\/\/www.gasistel.com\/en\/gestion-de-crisis\/","og_locale":"en_GB","og_type":"article","og_title":"Gesti\u00f3n de Cr\u00edsis - GASISTEL","og_description":"Nuestros ServiciosGesti\u00f3n de Cr\u00edsisNinguna empresa goza de una seguridad absoluta frente a las crisis. En tiempos de crisis hay que emprender una actuaci\u00f3n r\u00e1pida y segura. Localizar, estructurar y evaluar adecuada e inmediatamente los problemas es una de las tareas centrales de la gesti\u00f3n de crisis. La pr\u00e1ctica nos ha mostrado, en muchos casos, que [&hellip;]","og_url":"https:\/\/www.gasistel.com\/en\/gestion-de-crisis\/","og_site_name":"GASISTEL","article_modified_time":"2023-05-21T14:20:21+00:00","twitter_card":"summary_large_image","twitter_misc":{"Estimated reading time":"5 minutes"},"schema":{"@context":"https:\/\/schema.org","@graph":[{"@type":"WebPage","@id":"https:\/\/www.gasistel.com\/gestion-de-crisis\/","url":"https:\/\/www.gasistel.com\/gestion-de-crisis\/","name":"Gesti\u00f3n de Cr\u00edsis - GASISTEL","isPartOf":{"@id":"https:\/\/www.gasistel.com\/#website"},"datePublished":"2023-05-21T14:17:49+00:00","dateModified":"2023-05-21T14:20:21+00:00","breadcrumb":{"@id":"https:\/\/www.gasistel.com\/gestion-de-crisis\/#breadcrumb"},"inLanguage":"en-GB","potentialAction":[{"@type":"ReadAction","target":["https:\/\/www.gasistel.com\/gestion-de-crisis\/"]}]},{"@type":"BreadcrumbList","@id":"https:\/\/www.gasistel.com\/gestion-de-crisis\/#breadcrumb","itemListElement":[{"@type":"ListItem","position":1,"name":"Portada","item":"https:\/\/www.gasistel.com\/"},{"@type":"ListItem","position":2,"name":"Gesti\u00f3n de Cr\u00edsis"}]},{"@type":"WebSite","@id":"https:\/\/www.gasistel.com\/#website","url":"https:\/\/www.gasistel.com\/","name":"GASISTEL","description":"Consulta Integral","potentialAction":[{"@type":"SearchAction","target":{"@type":"EntryPoint","urlTemplate":"https:\/\/www.gasistel.com\/?s={search_term_string}"},"query-input":{"@type":"PropertyValueSpecification","valueRequired":true,"valueName":"search_term_string"}}],"inLanguage":"en-GB"}]}},"_links":{"self":[{"href":"https:\/\/www.gasistel.com\/en\/wp-json\/wp\/v2\/pages\/348","targetHints":{"allow":["GET"]}}],"collection":[{"href":"https:\/\/www.gasistel.com\/en\/wp-json\/wp\/v2\/pages"}],"about":[{"href":"https:\/\/www.gasistel.com\/en\/wp-json\/wp\/v2\/types\/page"}],"author":[{"embeddable":true,"href":"https:\/\/www.gasistel.com\/en\/wp-json\/wp\/v2\/users\/1"}],"replies":[{"embeddable":true,"href":"https:\/\/www.gasistel.com\/en\/wp-json\/wp\/v2\/comments?post=348"}],"version-history":[{"count":4,"href":"https:\/\/www.gasistel.com\/en\/wp-json\/wp\/v2\/pages\/348\/revisions"}],"predecessor-version":[{"id":356,"href":"https:\/\/www.gasistel.com\/en\/wp-json\/wp\/v2\/pages\/348\/revisions\/356"}],"wp:attachment":[{"href":"https:\/\/www.gasistel.com\/en\/wp-json\/wp\/v2\/media?parent=348"}],"curies":[{"name":"wp","href":"https:\/\/api.w.org\/{rel}","templated":true}]}}